{"id":492,"date":"2025-10-11T21:51:21","date_gmt":"2025-10-11T21:51:21","guid":{"rendered":"https:\/\/fullcyrcle-security.test\/ueber-uns\/"},"modified":"2026-02-19T09:06:25","modified_gmt":"2026-02-19T09:06:25","slug":"ueber-uns","status":"publish","type":"page","link":"https:\/\/fullcyrcle-security.com\/de\/ueber-uns\/","title":{"rendered":"\u00dcber uns"},"content":{"rendered":"\t\t<div data-elementor-type=\"wp-page\" data-elementor-id=\"492\" class=\"elementor elementor-492 elementor-322\" data-elementor-post-type=\"page\">\n\t\t\t\t<div class=\"elementor-element elementor-element-b0db4ea e-flex e-con-boxed e-con e-parent\" data-id=\"b0db4ea\" data-element_type=\"container\" data-e-type=\"container\">\n\t\t\t\t\t<div class=\"e-con-inner\">\n\t\t<div class=\"elementor-element elementor-element-534a137 e-con-full e-flex e-con e-child\" data-id=\"534a137\" data-element_type=\"container\" data-e-type=\"container\">\n\t\t\t\t<div class=\"elementor-element elementor-element-f28b624 elementor-widget elementor-widget-heading\" data-id=\"f28b624\" data-element_type=\"widget\" data-e-type=\"widget\" data-widget_type=\"heading.default\">\n\t\t\t\t\t<h1 class=\"elementor-heading-title elementor-size-default\">\u00dcber uns<\/h1>\t\t\t\t<\/div>\n\t\t\t\t<div class=\"elementor-element elementor-element-4b059a1 elementor-widget elementor-widget-heading\" data-id=\"4b059a1\" data-element_type=\"widget\" data-e-type=\"widget\" data-widget_type=\"heading.default\">\n\t\t\t\t\t<h2 class=\"elementor-heading-title elementor-size-default\">Wir unterst\u00fctzen Unternehmen dabei, ihre Resilienz gegen Cyber-Bedrohungen zu st\u00e4rken.<\/h2>\t\t\t\t<\/div>\n\t\t\t\t<\/div>\n\t\t\t\t<div class=\"elementor-element elementor-element-3b772ca elementor-widget__width-initial elementor-widget elementor-widget-text-editor\" data-id=\"3b772ca\" data-element_type=\"widget\" data-e-type=\"widget\" data-widget_type=\"text-editor.default\">\n\t\t\t\t\t\t\t\t\t<p>Unser Schwerpunkt liegt auf der Konzeption und Umsetzung sicherer Softwareentwicklungszyklen und dem Aufbau erfolgreicher Security-Champions-Programme in mittelst\u00e4ndischen und gro\u00dfen Unternehmen.<\/p>\n<p>Unser Team besteht aus erfahrenen Berater*innen, Entwickler*innen und Sicherheitsexpert*innen, die stets nach den besten L\u00f6sungen suchen.<\/p>\n\t\t\t\t\t\t\t\t<\/div>\n\t\t\t\t\t<\/div>\n\t\t\t\t<\/div>\n\t\t<div class=\"elementor-element elementor-element-efd7bab e-flex e-con-boxed e-con e-child\" data-id=\"efd7bab\" data-element_type=\"container\" data-e-type=\"container\" data-settings=\"{&quot;background_background&quot;:&quot;classic&quot;}\">\n\t\t\t\t\t<div class=\"e-con-inner\">\n\t\t\t\t<div class=\"elementor-element elementor-element-93a900d elementor-widget elementor-widget-heading\" data-id=\"93a900d\" data-element_type=\"widget\" data-e-type=\"widget\" data-widget_type=\"heading.default\">\n\t\t\t\t\t<h2 class=\"elementor-heading-title elementor-size-default\">Team<\/h2>\t\t\t\t<\/div>\n\t\t<div class=\"elementor-element elementor-element-0d61e7e e-con-full e-grid e-con e-child\" data-id=\"0d61e7e\" data-element_type=\"container\" data-e-type=\"container\">\n\t\t<div class=\"elementor-element elementor-element-4e78c57 e-con-full e-flex e-con e-child\" data-id=\"4e78c57\" data-element_type=\"container\" data-e-type=\"container\">\n\t\t\t\t<div class=\"elementor-element elementor-element-e8c862d elementor-widget elementor-widget-heading\" data-id=\"e8c862d\" data-element_type=\"widget\" data-e-type=\"widget\" data-widget_type=\"heading.default\">\n\t\t\t\t\t<h3 class=\"elementor-heading-title elementor-size-default\">Juliane Reimann<\/h3>\t\t\t\t<\/div>\n\t\t\t\t<div class=\"elementor-element elementor-element-c8d5e35 elementor-widget elementor-widget-image\" data-id=\"c8d5e35\" data-element_type=\"widget\" data-e-type=\"widget\" data-widget_type=\"image.default\">\n\t\t\t\t\t\t\t\t\t\t\t\t\t\t\t<img fetchpriority=\"high\" decoding=\"async\" width=\"746\" height=\"800\" src=\"https:\/\/fullcyrcle-security.com\/wp-content\/uploads\/2025\/10\/fcs-juliane-reimann.jpg\" class=\"attachment-large size-large wp-image-484\" alt=\"\" \/>\t\t\t\t\t\t\t\t\t\t\t\t\t\t\t<\/div>\n\t\t\t\t<div class=\"elementor-element elementor-element-1788534 elementor-widget elementor-widget-text-editor\" data-id=\"1788534\" data-element_type=\"widget\" data-e-type=\"widget\" data-widget_type=\"text-editor.default\">\n\t\t\t\t\t\t\t\t\t<p><strong>Gesch\u00e4ftsf\u00fchrerin | CCSP<\/strong><\/p>\n<p>Mit \u00fcber 7 Jahren Erfahrung in der Cybersicherheitsbranche konzentriert sich Juliane stark auf den Aufbau von SSDLCs und Security Champions-Programmen in Unternehmen unterschiedlicher Gr\u00f6\u00dfe und aus verschiedenen Branchen.<\/p>\n\t\t\t\t\t\t\t\t<\/div>\n\t\t<div class=\"elementor-element elementor-element-9c374a6 e-con-full e-flex e-con e-child\" data-id=\"9c374a6\" data-element_type=\"container\" data-e-type=\"container\">\n\t\t\t\t<div class=\"elementor-element elementor-element-481265f elementor-view-default elementor-widget elementor-widget-icon\" data-id=\"481265f\" data-element_type=\"widget\" data-e-type=\"widget\" data-widget_type=\"icon.default\">\n\t\t\t\t\t\t\t<div class=\"elementor-icon-wrapper\">\n\t\t\t<a class=\"elementor-icon\" href=\"https:\/\/www.linkedin.com\/in\/juliane-reimann\/\" target=\"_blank\" rel=\"nofollow\">\n\t\t\t<svg aria-hidden=\"true\" class=\"e-font-icon-svg e-fab-linkedin-in\" viewBox=\"0 0 448 512\" xmlns=\"http:\/\/www.w3.org\/2000\/svg\"><path d=\"M100.28 448H7.4V148.9h92.88zM53.79 108.1C24.09 108.1 0 83.5 0 53.8a53.79 53.79 0 0 1 107.58 0c0 29.7-24.1 54.3-53.79 54.3zM447.9 448h-92.68V302.4c0-34.7-.7-79.2-48.29-79.2-48.29 0-55.69 37.7-55.69 76.7V448h-92.78V148.9h89.08v40.8h1.3c12.4-23.5 42.69-48.3 87.88-48.3 94 0 111.28 61.9 111.28 142.3V448z\"><\/path><\/svg>\t\t\t<\/a>\n\t\t<\/div>\n\t\t\t\t\t\t<\/div>\n\t\t\t\t<div class=\"elementor-element elementor-element-4375860 elementor-widget elementor-widget-image\" data-id=\"4375860\" data-element_type=\"widget\" data-e-type=\"widget\" data-widget_type=\"image.default\">\n\t\t\t\t\t\t\t\t\t\t\t\t\t\t\t<img decoding=\"async\" width=\"352\" height=\"352\" src=\"https:\/\/fullcyrcle-security.com\/wp-content\/uploads\/2025\/10\/ccsp.png\" class=\"attachment-large size-large wp-image-485\" alt=\"\" \/>\t\t\t\t\t\t\t\t\t\t\t\t\t\t\t<\/div>\n\t\t\t\t<\/div>\n\t\t\t\t<\/div>\n\t\t<div class=\"elementor-element elementor-element-63ae490 e-con-full e-flex e-con e-child\" data-id=\"63ae490\" data-element_type=\"container\" data-e-type=\"container\">\n\t\t\t\t<div class=\"elementor-element elementor-element-f47adb0 elementor-widget elementor-widget-heading\" data-id=\"f47adb0\" data-element_type=\"widget\" data-e-type=\"widget\" data-widget_type=\"heading.default\">\n\t\t\t\t\t<h3 class=\"elementor-heading-title elementor-size-default\">Moritz Krause<\/h3>\t\t\t\t<\/div>\n\t\t\t\t<div class=\"elementor-element elementor-element-f7906ed elementor-widget elementor-widget-image\" data-id=\"f7906ed\" data-element_type=\"widget\" data-e-type=\"widget\" data-widget_type=\"image.default\">\n\t\t\t\t\t\t\t\t\t\t\t\t\t\t\t<img decoding=\"async\" width=\"800\" height=\"953\" src=\"https:\/\/fullcyrcle-security.com\/wp-content\/uploads\/2025\/10\/fcs-moritz-krause.jpg\" class=\"attachment-large size-large wp-image-486\" alt=\"\" \/>\t\t\t\t\t\t\t\t\t\t\t\t\t\t\t<\/div>\n\t\t\t\t<div class=\"elementor-element elementor-element-649427c elementor-widget elementor-widget-text-editor\" data-id=\"649427c\" data-element_type=\"widget\" data-e-type=\"widget\" data-widget_type=\"text-editor.default\">\n\t\t\t\t\t\t\t\t\t<p><strong>Security Engineer<\/strong><\/p>\n<p>Moritz ist durch und durch ein IT-Enthusiast. Keine technische Herausforderung kann ihn abschrecken, und mit seiner \u00fcber 18-j\u00e4hrigen Erfahrung in der Softwareentwicklung und \u00fcber 3 Jahren im Bereich Sicherheit findet er immer die beste L\u00f6sung f\u00fcr jede Herausforderung.<\/p>\n\t\t\t\t\t\t\t\t<\/div>\n\t\t<div class=\"elementor-element elementor-element-00b900e e-con-full e-flex e-con e-child\" data-id=\"00b900e\" data-element_type=\"container\" data-e-type=\"container\">\n\t\t\t\t<div class=\"elementor-element elementor-element-3f5b490 elementor-view-default elementor-widget elementor-widget-icon\" data-id=\"3f5b490\" data-element_type=\"widget\" data-e-type=\"widget\" data-widget_type=\"icon.default\">\n\t\t\t\t\t\t\t<div class=\"elementor-icon-wrapper\">\n\t\t\t<a class=\"elementor-icon\" href=\"https:\/\/www.linkedin.com\/in\/fcs-moritz-krause\/\" target=\"_blank\" rel=\"nofollow\">\n\t\t\t<svg aria-hidden=\"true\" class=\"e-font-icon-svg e-fab-linkedin-in\" viewBox=\"0 0 448 512\" xmlns=\"http:\/\/www.w3.org\/2000\/svg\"><path d=\"M100.28 448H7.4V148.9h92.88zM53.79 108.1C24.09 108.1 0 83.5 0 53.8a53.79 53.79 0 0 1 107.58 0c0 29.7-24.1 54.3-53.79 54.3zM447.9 448h-92.68V302.4c0-34.7-.7-79.2-48.29-79.2-48.29 0-55.69 37.7-55.69 76.7V448h-92.78V148.9h89.08v40.8h1.3c12.4-23.5 42.69-48.3 87.88-48.3 94 0 111.28 61.9 111.28 142.3V448z\"><\/path><\/svg>\t\t\t<\/a>\n\t\t<\/div>\n\t\t\t\t\t\t<\/div>\n\t\t\t\t<\/div>\n\t\t\t\t<\/div>\n\t\t<div class=\"elementor-element elementor-element-60f02a9 e-con-full e-flex e-con e-child\" data-id=\"60f02a9\" data-element_type=\"container\" data-e-type=\"container\">\n\t\t\t\t<div class=\"elementor-element elementor-element-7f235b8 elementor-widget elementor-widget-heading\" data-id=\"7f235b8\" data-element_type=\"widget\" data-e-type=\"widget\" data-widget_type=\"heading.default\">\n\t\t\t\t\t<h3 class=\"elementor-heading-title elementor-size-default\">Torben Neumann<\/h3>\t\t\t\t<\/div>\n\t\t\t\t<div class=\"elementor-element elementor-element-d24c4d3 elementor-widget elementor-widget-image\" data-id=\"d24c4d3\" data-element_type=\"widget\" data-e-type=\"widget\" data-widget_type=\"image.default\">\n\t\t\t\t\t\t\t\t\t\t\t\t\t\t\t<img loading=\"lazy\" decoding=\"async\" width=\"800\" height=\"914\" src=\"https:\/\/fullcyrcle-security.com\/wp-content\/uploads\/2025\/10\/fcs-torben-neumann.jpg\" class=\"attachment-large size-large wp-image-487\" alt=\"\" \/>\t\t\t\t\t\t\t\t\t\t\t\t\t\t\t<\/div>\n\t\t\t\t<div class=\"elementor-element elementor-element-6b78dfe elementor-widget elementor-widget-text-editor\" data-id=\"6b78dfe\" data-element_type=\"widget\" data-e-type=\"widget\" data-widget_type=\"text-editor.default\">\n\t\t\t\t\t\t\t\t\t<p><strong>Security Engineer<\/strong><\/p>\n<p>Mit mehr als f\u00fcnf Jahren Erfahrung in der Softwareentwicklung verf\u00fcgt Torben \u00fcber fundierte Kenntnisse in den Bereichen sichere Programmierpraktiken und Anwendungsschwachstellen. Er setzt seine F\u00e4higkeiten mit Leidenschaft ein, um stets einen Schritt voraus zu sein.<\/p>\n\t\t\t\t\t\t\t\t<\/div>\n\t\t<div class=\"elementor-element elementor-element-981e5ba e-con-full e-flex e-con e-child\" data-id=\"981e5ba\" data-element_type=\"container\" data-e-type=\"container\">\n\t\t\t\t<div class=\"elementor-element elementor-element-f5efe2b elementor-view-default elementor-widget elementor-widget-icon\" data-id=\"f5efe2b\" data-element_type=\"widget\" data-e-type=\"widget\" data-widget_type=\"icon.default\">\n\t\t\t\t\t\t\t<div class=\"elementor-icon-wrapper\">\n\t\t\t<a class=\"elementor-icon\" href=\"https:\/\/www.linkedin.com\/in\/torben-neumann\/\" target=\"_blank\" rel=\"nofollow\">\n\t\t\t<svg aria-hidden=\"true\" class=\"e-font-icon-svg e-fab-linkedin-in\" viewBox=\"0 0 448 512\" xmlns=\"http:\/\/www.w3.org\/2000\/svg\"><path d=\"M100.28 448H7.4V148.9h92.88zM53.79 108.1C24.09 108.1 0 83.5 0 53.8a53.79 53.79 0 0 1 107.58 0c0 29.7-24.1 54.3-53.79 54.3zM447.9 448h-92.68V302.4c0-34.7-.7-79.2-48.29-79.2-48.29 0-55.69 37.7-55.69 76.7V448h-92.78V148.9h89.08v40.8h1.3c12.4-23.5 42.69-48.3 87.88-48.3 94 0 111.28 61.9 111.28 142.3V448z\"><\/path><\/svg>\t\t\t<\/a>\n\t\t<\/div>\n\t\t\t\t\t\t<\/div>\n\t\t\t\t<\/div>\n\t\t\t\t<\/div>\n\t\t<div class=\"elementor-element elementor-element-05a829f e-con-full e-flex e-con e-child\" data-id=\"05a829f\" data-element_type=\"container\" data-e-type=\"container\">\n\t\t\t\t<div class=\"elementor-element elementor-element-eaec0b4 elementor-widget elementor-widget-heading\" data-id=\"eaec0b4\" data-element_type=\"widget\" data-e-type=\"widget\" data-widget_type=\"heading.default\">\n\t\t\t\t\t<h3 class=\"elementor-heading-title elementor-size-default\">Elisa Erbe<\/h3>\t\t\t\t<\/div>\n\t\t\t\t<div class=\"elementor-element elementor-element-df2a400 elementor-widget elementor-widget-image\" data-id=\"df2a400\" data-element_type=\"widget\" data-e-type=\"widget\" data-widget_type=\"image.default\">\n\t\t\t\t\t\t\t\t\t\t\t\t\t\t\t<img loading=\"lazy\" decoding=\"async\" width=\"800\" height=\"884\" src=\"https:\/\/fullcyrcle-security.com\/wp-content\/uploads\/2025\/10\/fcs-elisa-erbe.jpg\" class=\"attachment-large size-large wp-image-488\" alt=\"\" \/>\t\t\t\t\t\t\t\t\t\t\t\t\t\t\t<\/div>\n\t\t\t\t<div class=\"elementor-element elementor-element-4d9e07c elementor-widget elementor-widget-text-editor\" data-id=\"4d9e07c\" data-element_type=\"widget\" data-e-type=\"widget\" data-widget_type=\"text-editor.default\">\n\t\t\t\t\t\t\t\t\t<p><strong>Project Management<\/strong><\/p>\n<p>Agile Planung und Projektmanagement liegen in der Hand von Elisa. Mit ihrer hohen Fachkompetenz und ihrem fundierten Wissen erm\u00f6glicht sie es dem Team, sich voll und ganz auf die Projektaufgaben zu konzentrieren.<\/p>\n\t\t\t\t\t\t\t\t<\/div>\n\t\t\t\t<\/div>\n\t\t\t\t<\/div>\n\t\t\t\t\t<\/div>\n\t\t\t\t<\/div>\n\t\t<div class=\"elementor-element elementor-element-27de2c8 e-flex e-con-boxed e-con e-parent\" data-id=\"27de2c8\" data-element_type=\"container\" data-e-type=\"container\">\n\t\t\t\t\t<div class=\"e-con-inner\">\n\t\t<div class=\"elementor-element elementor-element-ab36f86 e-con-full e-flex e-con e-child\" data-id=\"ab36f86\" data-element_type=\"container\" data-e-type=\"container\">\n\t\t\t\t<div class=\"elementor-element elementor-element-482ed30 elementor-widget elementor-widget-heading\" data-id=\"482ed30\" data-element_type=\"widget\" data-e-type=\"widget\" data-widget_type=\"heading.default\">\n\t\t\t\t\t<h1 class=\"elementor-heading-title elementor-size-default\">Unternehmenskultur<\/h1>\t\t\t\t<\/div>\n\t\t\t\t<div class=\"elementor-element elementor-element-f7b8660 elementor-widget elementor-widget-heading\" data-id=\"f7b8660\" data-element_type=\"widget\" data-e-type=\"widget\" data-widget_type=\"heading.default\">\n\t\t\t\t\t<h2 class=\"elementor-heading-title elementor-size-default\">Wie wir arbeiten und was uns wichtig ist<\/h2>\t\t\t\t<\/div>\n\t\t\t\t<\/div>\n\t\t<div class=\"elementor-element elementor-element-7a83737 e-con-full e-grid e-con e-child\" data-id=\"7a83737\" data-element_type=\"container\" data-e-type=\"container\">\n\t\t<div class=\"elementor-element elementor-element-1ad461e e-con-full e-flex e-con e-child\" data-id=\"1ad461e\" data-element_type=\"container\" data-e-type=\"container\">\n\t\t\t\t<div class=\"elementor-element elementor-element-48e5889 elementor-widget elementor-widget-heading\" data-id=\"48e5889\" data-element_type=\"widget\" data-e-type=\"widget\" data-widget_type=\"heading.default\">\n\t\t\t\t\t<h1 class=\"elementor-heading-title elementor-size-default\">01<\/h1>\t\t\t\t<\/div>\n\t\t\t\t<div class=\"elementor-element elementor-element-da9e917 elementor-widget elementor-widget-heading\" data-id=\"da9e917\" data-element_type=\"widget\" data-e-type=\"widget\" data-widget_type=\"heading.default\">\n\t\t\t\t\t<h3 class=\"elementor-heading-title elementor-size-default\">Vertrauensarbeitsort und -Zeit<\/h3>\t\t\t\t<\/div>\n\t\t\t\t<div class=\"elementor-element elementor-element-e559cfc elementor-widget elementor-widget-text-editor\" data-id=\"e559cfc\" data-element_type=\"widget\" data-e-type=\"widget\" data-widget_type=\"text-editor.default\">\n\t\t\t\t\t\t\t\t\t<p>Wir kennen es gar nicht anders: Von Anfang an schon arbeiten wir r\u00e4umlich verteilt. Das gibt uns die Flexibilit\u00e4t, die wir uns in unserem Leben w\u00fcnschen. Entsprechend haben wir uns von Anfang an eine Infrastruktur geschaffen, mit der wir problemlos von unseren jeweiligen Arbeitsorten aus kommunizieren und zusammenarbeiten k\u00f6nnen. Homeoffice ist dabei genauso vertreten, wie die M\u00f6glichkeit, von einem Co-Workingspace oder unserem B\u00fcro in Kiel aus zu arbeiten. Uns ist wichtig, dass jede und jeder so flexibel arbeiten kann, wie es zum eigenen Arbeitsstil und den Lebensumst\u00e4nden passt.<\/p>\n\t\t\t\t\t\t\t\t<\/div>\n\t\t\t\t<\/div>\n\t\t<div class=\"elementor-element elementor-element-b14959f e-con-full e-flex e-con e-child\" data-id=\"b14959f\" data-element_type=\"container\" data-e-type=\"container\">\n\t\t\t\t<div class=\"elementor-element elementor-element-51e8c9f elementor-widget elementor-widget-heading\" data-id=\"51e8c9f\" data-element_type=\"widget\" data-e-type=\"widget\" data-widget_type=\"heading.default\">\n\t\t\t\t\t<h1 class=\"elementor-heading-title elementor-size-default\">02<\/h1>\t\t\t\t<\/div>\n\t\t\t\t<div class=\"elementor-element elementor-element-a397e1e elementor-widget elementor-widget-heading\" data-id=\"a397e1e\" data-element_type=\"widget\" data-e-type=\"widget\" data-widget_type=\"heading.default\">\n\t\t\t\t\t<h3 class=\"elementor-heading-title elementor-size-default\">Teamwork<\/h3>\t\t\t\t<\/div>\n\t\t\t\t<div class=\"elementor-element elementor-element-4e52ffd elementor-widget elementor-widget-text-editor\" data-id=\"4e52ffd\" data-element_type=\"widget\" data-e-type=\"widget\" data-widget_type=\"text-editor.default\">\n\t\t\t\t\t\t\t\t\t<p>Teamwork und Voneinander-Lernen sind f\u00fcr uns wichtige Werte. Bei komplexen Fragestellungen arbeiten wir zusammen, um m\u00f6glichst viele Perspektiven einzubringen und die beste L\u00f6sung anzubieten. Eine gute und durchdachte Planung gehen dabei Hand in Hand mit einem \u00f6konomischen Einsatz von Ressourcen und einem hohen Anspruch an die Qualit\u00e4t unserer Ergebnisse.<\/p>\n\t\t\t\t\t\t\t\t<\/div>\n\t\t\t\t<\/div>\n\t\t<div class=\"elementor-element elementor-element-ef95b58 e-con-full e-flex e-con e-child\" data-id=\"ef95b58\" data-element_type=\"container\" data-e-type=\"container\">\n\t\t\t\t<div class=\"elementor-element elementor-element-7181d3d elementor-widget elementor-widget-heading\" data-id=\"7181d3d\" data-element_type=\"widget\" data-e-type=\"widget\" data-widget_type=\"heading.default\">\n\t\t\t\t\t<h1 class=\"elementor-heading-title elementor-size-default\">03<\/h1>\t\t\t\t<\/div>\n\t\t\t\t<div class=\"elementor-element elementor-element-bbc87cd elementor-widget elementor-widget-heading\" data-id=\"bbc87cd\" data-element_type=\"widget\" data-e-type=\"widget\" data-widget_type=\"heading.default\">\n\t\t\t\t\t<h3 class=\"elementor-heading-title elementor-size-default\">Agiler Workflow<\/h3>\t\t\t\t<\/div>\n\t\t\t\t<div class=\"elementor-element elementor-element-5ba74b7 elementor-widget elementor-widget-text-editor\" data-id=\"5ba74b7\" data-element_type=\"widget\" data-e-type=\"widget\" data-widget_type=\"text-editor.default\">\n\t\t\t\t\t\t\t\t\t<p>In einem intensiven Transformationsprozess haben wir uns einen agilen Workflow nach der Scrum-Methode angeeignet, der uns eine valide Projektplanung erlaubt. Nach dem Prinzip \u201eStop starting, start finishing\u201c liefern wir zuverl\u00e4ssig stabile und sichere Software.<\/p>\n\t\t\t\t\t\t\t\t<\/div>\n\t\t\t\t<\/div>\n\t\t<div class=\"elementor-element elementor-element-0b4f968 e-con-full e-flex e-con e-child\" data-id=\"0b4f968\" data-element_type=\"container\" data-e-type=\"container\">\n\t\t\t\t<div class=\"elementor-element elementor-element-90f69af elementor-widget elementor-widget-heading\" data-id=\"90f69af\" data-element_type=\"widget\" data-e-type=\"widget\" data-widget_type=\"heading.default\">\n\t\t\t\t\t<h1 class=\"elementor-heading-title elementor-size-default\">04<\/h1>\t\t\t\t<\/div>\n\t\t\t\t<div class=\"elementor-element elementor-element-5d908a7 elementor-widget elementor-widget-heading\" data-id=\"5d908a7\" data-element_type=\"widget\" data-e-type=\"widget\" data-widget_type=\"heading.default\">\n\t\t\t\t\t<h3 class=\"elementor-heading-title elementor-size-default\">Regelm\u00e4\u00dfige Fortbildung<\/h3>\t\t\t\t<\/div>\n\t\t\t\t<div class=\"elementor-element elementor-element-485c155 elementor-widget elementor-widget-text-editor\" data-id=\"485c155\" data-element_type=\"widget\" data-e-type=\"widget\" data-widget_type=\"text-editor.default\">\n\t\t\t\t\t\t\t\t\t<p>Pers\u00f6nliche Entwicklung hat bei uns einen ebenso hohen Stellenwert wie die kontinuierliche Erweiterung und Verbesserung unserer Services. Darum geh\u00f6ren regelm\u00e4\u00dfige Fortbildungen bei uns zur Arbeit dazu.<\/p>\n\t\t\t\t\t\t\t\t<\/div>\n\t\t\t\t<\/div>\n\t\t<div class=\"elementor-element elementor-element-e5f71ad e-con-full e-flex e-con e-child\" data-id=\"e5f71ad\" data-element_type=\"container\" data-e-type=\"container\">\n\t\t\t\t<div class=\"elementor-element elementor-element-92f6e1b elementor-widget elementor-widget-heading\" data-id=\"92f6e1b\" data-element_type=\"widget\" data-e-type=\"widget\" data-widget_type=\"heading.default\">\n\t\t\t\t\t<h1 class=\"elementor-heading-title elementor-size-default\">04<\/h1>\t\t\t\t<\/div>\n\t\t\t\t<div class=\"elementor-element elementor-element-143bc2a elementor-widget elementor-widget-heading\" data-id=\"143bc2a\" data-element_type=\"widget\" data-e-type=\"widget\" data-widget_type=\"heading.default\">\n\t\t\t\t\t<h3 class=\"elementor-heading-title elementor-size-default\">Br\u00fccken schlagen<\/h3>\t\t\t\t<\/div>\n\t\t\t\t<div class=\"elementor-element elementor-element-5b5365d elementor-widget elementor-widget-text-editor\" data-id=\"5b5365d\" data-element_type=\"widget\" data-e-type=\"widget\" data-widget_type=\"text-editor.default\">\n\t\t\t\t\t\t\t\t\t<p>Neben fundierten Kenntnissen im Security-Bereich verf\u00fcgt unser Team auch \u00fcber Expertise f\u00fcr Sprache, Argumentation und Kommunikation. Dieses doppelte Fundament aus technischem und kommunikativem Know How zahlt sich besonders im Umgang mit unseren Kundinnen und Kunden aus und ist wichtig f\u00fcr unsere Arbeit im Bereich der Sicherheitskultur.<\/p>\n\t\t\t\t\t\t\t\t<\/div>\n\t\t\t\t<\/div>\n\t\t\t\t<\/div>\n\t\t\t\t\t<\/div>\n\t\t\t\t<\/div>\n\t\t<div class=\"elementor-element elementor-element-04c778b e-flex e-con-boxed e-con e-parent\" data-id=\"04c778b\" data-element_type=\"container\" data-e-type=\"container\">\n\t\t\t\t\t<div class=\"e-con-inner\">\n\t\t<div class=\"elementor-element elementor-element-cbea681 e-con-full e-flex e-con e-child\" data-id=\"cbea681\" data-element_type=\"container\" data-e-type=\"container\">\n\t\t\t\t<div class=\"elementor-element elementor-element-a588bab elementor-widget elementor-widget-heading\" data-id=\"a588bab\" data-element_type=\"widget\" data-e-type=\"widget\" data-widget_type=\"heading.default\">\n\t\t\t\t\t<h1 class=\"elementor-heading-title elementor-size-default\">Mitgliedschaften<\/h1>\t\t\t\t<\/div>\n\t\t\t\t<div class=\"elementor-element elementor-element-ab7f5b8 elementor-widget elementor-widget-heading\" data-id=\"ab7f5b8\" data-element_type=\"widget\" data-e-type=\"widget\" data-widget_type=\"heading.default\">\n\t\t\t\t\t<h2 class=\"elementor-heading-title elementor-size-default\">Gut vernetzt<\/h2>\t\t\t\t<\/div>\n\t\t\t\t<\/div>\n\t\t<div class=\"elementor-element elementor-element-be5db68 e-con-full e-grid e-con e-child\" data-id=\"be5db68\" data-element_type=\"container\" data-e-type=\"container\">\n\t\t\t\t<div class=\"elementor-element elementor-element-24b77f2 elementor-widget elementor-widget-text-editor\" data-id=\"24b77f2\" data-element_type=\"widget\" data-e-type=\"widget\" data-widget_type=\"text-editor.default\">\n\t\t\t\t\t\t\t\t\t<p>Starkes Netzwerk f\u00fcr starke Leistung<\/p>\n<p>Wir wollen beitragen, die Welt besser zu machen. Darum engagieren wir uns ehrenamtlich in verschiedenen Vereinen und Organisationen.<\/p>\n\t\t\t\t\t\t\t\t<\/div>\n\t\t<div class=\"elementor-element elementor-element-d45f303 e-con-full e-flex e-con e-child\" data-id=\"d45f303\" data-element_type=\"container\" data-e-type=\"container\">\n\t\t\t\t<div class=\"elementor-element elementor-element-a5363e6 elementor-widget elementor-widget-heading\" data-id=\"a5363e6\" data-element_type=\"widget\" data-e-type=\"widget\" data-widget_type=\"heading.default\">\n\t\t\t\t\t<h1 class=\"elementor-heading-title elementor-size-default\">Wir sind Mitglied bei<\/h1>\t\t\t\t<\/div>\n\t\t\t\t<div class=\"elementor-element elementor-element-89a155d elementor-icon-list--layout-traditional elementor-list-item-link-full_width elementor-widget elementor-widget-icon-list\" data-id=\"89a155d\" data-element_type=\"widget\" data-e-type=\"widget\" data-widget_type=\"icon-list.default\">\n\t\t\t\t\t\t\t<ul class=\"elementor-icon-list-items\">\n\t\t\t\t\t\t\t<li class=\"elementor-icon-list-item\">\n\t\t\t\t\t\t\t\t\t\t\t<a href=\"https:\/\/www.vdu.de\/\" target=\"_blank\" rel=\"nofollow\">\n\n\t\t\t\t\t\t\t\t\t\t\t\t<span class=\"elementor-icon-list-icon\">\n\t\t\t\t\t\t\t<i aria-hidden=\"true\" class=\"fcsicon- fcs-icon-arrow\"><\/i>\t\t\t\t\t\t<\/span>\n\t\t\t\t\t\t\t\t\t\t<span class=\"elementor-icon-list-text\">Verband Deutscher Unternehmerinnen<\/span>\n\t\t\t\t\t\t\t\t\t\t\t<\/a>\n\t\t\t\t\t\t\t\t\t<\/li>\n\t\t\t\t\t\t\t\t<li class=\"elementor-icon-list-item\">\n\t\t\t\t\t\t\t\t\t\t\t<a href=\"https:\/\/owasp.org\/\" target=\"_blank\" rel=\"nofollow\">\n\n\t\t\t\t\t\t\t\t\t\t\t\t<span class=\"elementor-icon-list-icon\">\n\t\t\t\t\t\t\t<i aria-hidden=\"true\" class=\"fcsicon- fcs-icon-arrow\"><\/i>\t\t\t\t\t\t<\/span>\n\t\t\t\t\t\t\t\t\t\t<span class=\"elementor-icon-list-text\">OWASP<\/span>\n\t\t\t\t\t\t\t\t\t\t\t<\/a>\n\t\t\t\t\t\t\t\t\t<\/li>\n\t\t\t\t\t\t<\/ul>\n\t\t\t\t\t\t<\/div>\n\t\t\t\t<\/div>\n\t\t\t\t<\/div>\n\t\t\t\t\t<\/div>\n\t\t\t\t<\/div>\n\t\t\t\t<\/div>\n\t\t","protected":false},"excerpt":{"rendered":"<p>\u00dcber uns Wir unterst\u00fctzen Unternehmen dabei, ihre Resilienz gegen Cyber-Bedrohungen zu st\u00e4rken. Unser Schwerpunkt liegt auf der Konzeption und Umsetzung sicherer Softwareentwicklungszyklen und dem Aufbau erfolgreicher Security-Champions-Programme in mittelst\u00e4ndischen und gro\u00dfen Unternehmen. Unser Team besteht aus erfahrenen Berater*innen, Entwickler*innen und Sicherheitsexpert*innen, die stets nach den besten L\u00f6sungen suchen. Team Juliane Reimann Gesch\u00e4ftsf\u00fchrerin | CCSP Mit [&hellip;]<\/p>\n","protected":false},"author":1,"featured_media":0,"parent":0,"menu_order":0,"comment_status":"closed","ping_status":"closed","template":"","meta":{"footnotes":""},"class_list":["post-492","page","type-page","status-publish","hentry"],"_links":{"self":[{"href":"https:\/\/fullcyrcle-security.com\/de\/wp-json\/wp\/v2\/pages\/492","targetHints":{"allow":["GET"]}}],"collection":[{"href":"https:\/\/fullcyrcle-security.com\/de\/wp-json\/wp\/v2\/pages"}],"about":[{"href":"https:\/\/fullcyrcle-security.com\/de\/wp-json\/wp\/v2\/types\/page"}],"author":[{"embeddable":true,"href":"https:\/\/fullcyrcle-security.com\/de\/wp-json\/wp\/v2\/users\/1"}],"replies":[{"embeddable":true,"href":"https:\/\/fullcyrcle-security.com\/de\/wp-json\/wp\/v2\/comments?post=492"}],"version-history":[{"count":7,"href":"https:\/\/fullcyrcle-security.com\/de\/wp-json\/wp\/v2\/pages\/492\/revisions"}],"predecessor-version":[{"id":499,"href":"https:\/\/fullcyrcle-security.com\/de\/wp-json\/wp\/v2\/pages\/492\/revisions\/499"}],"wp:attachment":[{"href":"https:\/\/fullcyrcle-security.com\/de\/wp-json\/wp\/v2\/media?parent=492"}],"curies":[{"name":"wp","href":"https:\/\/api.w.org\/{rel}","templated":true}]}}