{"id":522,"date":"2025-10-25T06:34:35","date_gmt":"2025-10-25T06:34:35","guid":{"rendered":"https:\/\/fullcyrcle-security.test\/secure-software-development-life-cycle\/"},"modified":"2026-02-19T09:56:27","modified_gmt":"2026-02-19T09:56:27","slug":"secure-software-development-life-cycle","status":"publish","type":"page","link":"https:\/\/fullcyrcle-security.com\/de\/secure-software-development-life-cycle\/","title":{"rendered":"Secure Software Development Life Cycle"},"content":{"rendered":"\t\t<div data-elementor-type=\"wp-page\" data-elementor-id=\"522\" class=\"elementor elementor-522 elementor-386\" data-elementor-post-type=\"page\">\n\t\t\t\t<div class=\"elementor-element elementor-element-673048e e-flex e-con-boxed e-con e-parent\" data-id=\"673048e\" data-element_type=\"container\" data-e-type=\"container\">\n\t\t\t\t\t<div class=\"e-con-inner\">\n\t\t<div class=\"elementor-element elementor-element-50b27a1 e-con-full e-flex e-con e-child\" data-id=\"50b27a1\" data-element_type=\"container\" data-e-type=\"container\">\n\t\t\t\t<div class=\"elementor-element elementor-element-6fe0c65 elementor-widget elementor-widget-heading\" data-id=\"6fe0c65\" data-element_type=\"widget\" data-e-type=\"widget\" data-widget_type=\"heading.default\">\n\t\t\t\t\t<h1 class=\"elementor-heading-title elementor-size-default\">Aufbau eines<\/h1>\t\t\t\t<\/div>\n\t\t\t\t<div class=\"elementor-element elementor-element-f087ffa elementor-widget elementor-widget-heading\" data-id=\"f087ffa\" data-element_type=\"widget\" data-e-type=\"widget\" data-widget_type=\"heading.default\">\n\t\t\t\t\t<h2 class=\"elementor-heading-title elementor-size-default\">Secure Software<br>Development Lifecycle (SSDLC)<\/h2>\t\t\t\t<\/div>\n\t\t\t\t<div class=\"elementor-element elementor-element-a8e9ec4 elementor-widget elementor-widget-heading\" data-id=\"a8e9ec4\" data-element_type=\"widget\" data-e-type=\"widget\" data-widget_type=\"heading.default\">\n\t\t\t\t\t<h3 class=\"elementor-heading-title elementor-size-default\">Sichere Software entwickeln hei\u00dft: Sicherheit mitdenken \u2013 nicht nachziehen.<\/h3>\t\t\t\t<\/div>\n\t\t\t\t<\/div>\n\t\t\t\t<div class=\"elementor-element elementor-element-3003560 elementor-widget__width-initial elementor-widget elementor-widget-text-editor\" data-id=\"3003560\" data-element_type=\"widget\" data-e-type=\"widget\" data-widget_type=\"text-editor.default\">\n\t\t\t\t\t\t\t\t\t<p>Viele Sicherheitsprobleme entstehen nicht durch fehlendes Wissen, sondern durch fehlende Strukturen. Wer Security nur am Ende pr\u00fcft, bekommt sp\u00e4te R\u00fcckmeldungen, aufwendige Fixes \u2013 und Frust bei allen Beteiligten.<\/p>\n<p>Ein sicherer Software Development Lifecycle (SSDLC) schafft die Grundlage, damit Sicherheit von Anfang an mitgedacht und systematisch umgesetzt werden kann. Er verankert Cyber Security systematisch in allen Phasen der Softwareentwicklung \u2013 so, dass Risiken fr\u00fch erkannt, Ma\u00dfnahmen verbindlich umgesetzt und Ergebnisse nachvollziehbar dokumentiert werden k\u00f6nnen.<br \/>So entstehen nicht nur sichere Produkte, sondern auch belastbare Prozesse, die Compliance-Anforderungen erf\u00fcllen und die gesamte Organisation st\u00e4rken. Er verankert Security systematisch in allen Phasen der Softwareentwicklung \u2013 so, dass Risiken fr\u00fch erkannt, Ma\u00dfnahmen verbindlich umgesetzt und Ergebnisse nachvollziehbar dokumentiert werden k\u00f6nnen.<\/p>\n<p>Bei FullCyrcle Security streben wir danach, dass Software <strong>wirklich<\/strong> sicherer wird \u2013 nicht nur auf dem Papier. Compliance ist wichtig \u2013 aber Wirkung entsteht nur dann, wenn Prozesse gelebt, verstanden und im Alltag umgesetzt werden.<\/p>\n\t\t\t\t\t\t\t\t<\/div>\n\t\t\t\t\t<\/div>\n\t\t\t\t<\/div>\n\t\t<div class=\"elementor-element elementor-element-57cde84 e-flex e-con-boxed e-con e-parent\" data-id=\"57cde84\" data-element_type=\"container\" data-e-type=\"container\">\n\t\t\t\t\t<div class=\"e-con-inner\">\n\t\t<div class=\"elementor-element elementor-element-e3a80de e-con-full e-flex e-con e-child\" data-id=\"e3a80de\" data-element_type=\"container\" data-e-type=\"container\">\n\t\t<div class=\"elementor-element elementor-element-c1ce2fa e-con-full e-flex e-con e-child\" data-id=\"c1ce2fa\" data-element_type=\"container\" data-e-type=\"container\">\n\t\t\t\t<div class=\"elementor-element elementor-element-c4ec429 elementor-widget elementor-widget-heading\" data-id=\"c4ec429\" data-element_type=\"widget\" data-e-type=\"widget\" data-widget_type=\"heading.default\">\n\t\t\t\t\t<h1 class=\"elementor-heading-title elementor-size-default\">Unser modularer Ansatz<\/h1>\t\t\t\t<\/div>\n\t\t\t\t<div class=\"elementor-element elementor-element-27e188a elementor-widget elementor-widget-heading\" data-id=\"27e188a\" data-element_type=\"widget\" data-e-type=\"widget\" data-widget_type=\"heading.default\">\n\t\t\t\t\t<h2 class=\"elementor-heading-title elementor-size-default\">Sicherheit integriert \u2013 \u00fcber den gesamten Lifecycle hinweg<\/h2>\t\t\t\t<\/div>\n\t\t\t\t<\/div>\n\t\t\t\t<div class=\"elementor-element elementor-element-d553064 elementor-widget__width-initial elementor-widget elementor-widget-text-editor\" data-id=\"d553064\" data-element_type=\"widget\" data-e-type=\"widget\" data-widget_type=\"text-editor.default\">\n\t\t\t\t\t\t\t\t\t<p>Unser Ziel ist es, Security dort zu verankern, wo sie wirkt: in jedem Schritt des Entwicklungsprozesses.<br \/>In einem sicheren Software Development Lifecycle (SSDLC) werden in jeder Phase \u2013 von der Planung \u00fcber die Implementierung bis zum Betrieb \u2013 passende Sicherheitsma\u00dfnahmen definiert und umgesetzt.<\/p>\n<p>Das schafft nicht nur bessere Produkte, sondern auch Sicherheit mit System:<\/p>\n<ul>\n<li>Risiken werden fr\u00fch sichtbar,<\/li>\n<li>Qualit\u00e4t steigt,<\/li>\n<li>und regulatorische Anforderungen werden zuverl\u00e4ssig erf\u00fcllt.<\/li>\n<\/ul>\n<p>Wir helfen Ihnen dabei, diese Strukturen aufzubauen \u2013 pragmatisch, teamnah und abgestimmt auf Ihre Entwicklungsrealit\u00e4t.<\/p>\n<p>Unser Angebot ist modular aufgebaut:<\/p>\n<ul>\n<li><strong>Ist-Analyse &amp; Reifegradbewertung<\/strong><br \/>\nWo steht Ihre Organisation? Welche Security-Ma\u00dfnahmen sind bereits verankert, wo entstehen Risiken durch L\u00fccken, Redundanz oder fehlende Klarheit?<\/li>\n<li><strong>Architektur- und Prozessworkshops<\/strong><br \/>\nWir helfen Ihnen, Security-Ma\u00dfnahmen phasengerecht im SDLC zu platzieren \u2013 anschlussf\u00e4hig an bestehende Engineering- und Deployment-Strukturen.<\/li>\n<li><strong>Definition von Kontrollpunkten &amp; Qualit\u00e4tsanforderungen<\/strong><br \/>\nWelche Anforderungen gelten in welcher Phase? Welche Nachweise werden ben\u00f6tigt? Wie stellen Sie sicher, dass Vorgaben eingehalten werden?<\/li>\n<li><strong>Tool-Auswahl &amp; Governance-Integration<\/strong><br \/>\nVon Threat Modeling \u00fcber statischer Code-Analyse (SAST) bis Secure Deployment: Wir unterst\u00fctzen bei der Auswahl passender Werkzeuge und deren sinnvoller Einbettung in CI\/CD und Governance-Strukturen.<\/li>\n<li><strong>Coaching, Reviewformate &amp; Technical Guidance<\/strong><br \/>\nAuf Wunsch begleiten wir Teams beim Roll-out und Onboarding und geben Feedback zu SDLC-Designs.<\/li>\n<li><strong>Dokumentation &amp; Auditf\u00e4higkeit<\/strong><br \/>\nWir unterst\u00fctzen Sie beim Aufbau klarer Nachvollziehbarkeit f\u00fcr interne Qualit\u00e4tssicherung, regulatorische Anforderungen oder externe Audits.<\/li>\n<li><strong>Grundlagentrainings f\u00fcr Entwickler*innen<\/strong><br \/>\nTools sind nur ein Teil der L\u00f6sung \u2013 mindestens genauso wichtig ist das Sicherheitsverst\u00e4ndnis in den Teams.<br \/>\nWir bieten praxisnahe Schulungen zu sicherer Entwicklung, z.\u202fB. auf Basis der OWASP Top 10.<\/li>\n<\/ul>\n<p>Ziel ist kein Modell auf dem Papier, sondern ein Prozess, der in der Realit\u00e4t funktioniert \u2013 technisch, fachlich und kulturell.<\/p>\n\t\t\t\t\t\t\t\t<\/div>\n\t\t\t\t<\/div>\n\t\t<div class=\"elementor-element elementor-element-948aeb3 e-con-full e-flex e-con e-child\" data-id=\"948aeb3\" data-element_type=\"container\" data-e-type=\"container\">\n\t\t\t\t<div class=\"elementor-element elementor-element-4a52724 elementor-widget elementor-widget-image\" data-id=\"4a52724\" data-element_type=\"widget\" data-e-type=\"widget\" data-widget_type=\"image.default\">\n\t\t\t\t\t\t\t\t\t\t\t\t\t\t\t<img fetchpriority=\"high\" decoding=\"async\" width=\"800\" height=\"600\" src=\"https:\/\/fullcyrcle-security.com\/wp-content\/uploads\/2025\/10\/circular-white.png\" class=\"attachment-large size-large wp-image-521\" alt=\"\" \/>\t\t\t\t\t\t\t\t\t\t\t\t\t\t\t<\/div>\n\t\t\t\t<\/div>\n\t\t\t\t\t<\/div>\n\t\t\t\t<\/div>\n\t\t<div class=\"elementor-element elementor-element-3c20026 e-flex e-con-boxed e-con e-parent\" data-id=\"3c20026\" data-element_type=\"container\" data-e-type=\"container\">\n\t\t\t\t\t<div class=\"e-con-inner\">\n\t\t<div class=\"elementor-element elementor-element-310724d e-con-full e-flex e-con e-child\" data-id=\"310724d\" data-element_type=\"container\" data-e-type=\"container\">\n\t\t\t\t<div class=\"elementor-element elementor-element-a364c74 elementor-widget elementor-widget-heading\" data-id=\"a364c74\" data-element_type=\"widget\" data-e-type=\"widget\" data-widget_type=\"heading.default\">\n\t\t\t\t\t<h1 class=\"elementor-heading-title elementor-size-default\">Bausteine<\/h1>\t\t\t\t<\/div>\n\t\t\t\t<div class=\"elementor-element elementor-element-0109305 elementor-widget elementor-widget-heading\" data-id=\"0109305\" data-element_type=\"widget\" data-e-type=\"widget\" data-widget_type=\"heading.default\">\n\t\t\t\t\t<h2 class=\"elementor-heading-title elementor-size-default\">Woran Sie erkennen, ob jetzt der richtige Zeitpunkt ist\u200b<\/h2>\t\t\t\t<\/div>\n\t\t\t\t<\/div>\n\t\t\t\t<div class=\"elementor-element elementor-element-dfe912a elementor-widget__width-initial elementor-widget elementor-widget-text-editor\" data-id=\"dfe912a\" data-element_type=\"widget\" data-e-type=\"widget\" data-widget_type=\"text-editor.default\">\n\t\t\t\t\t\t\t\t\t<p>Ein sicherer Software Development Lifecycle lohnt sich vor allem dann, wenn Sie mit einem oder mehreren dieser Herausforderungen konfrontiert sind:<\/p>\n<ul>\n<li>Sicherheitsanforderungen werden uneinheitlich oder zu sp\u00e4t eingebunden \u2013 z.\u202fB. erst im Review oder kurz vor dem Release.<\/li>\n<li>Security-Teams sind \u00fcberlastet und schaffen es nicht, alle Produktteams operativ zu begleiten.<\/li>\n<li>Compliance wird komplexer und die Nachvollziehbarkeit von Ma\u00dfnahmen ist nicht durchg\u00e4ngig gegeben.<\/li>\n<li>Die technische Entwicklung hat sich beschleunigt (z.\u202fB. durch Cloud, CI\/CD, Microservices), aber Security ist nicht mitgewachsen.<\/li>\n<li>Security ist zwar \u201eirgendwie da\u201c, aber nicht steuerbar \u2013 weder in Bezug auf Prozesse noch auf messbare Qualit\u00e4t.<\/li>\n<\/ul>\n<p>Ob Sie bestehende Prozesse verbessern oder ein strukturiertes Sicherheitsfundament neu aufbauen wollen: Ein strukturierter SSDLC schafft Klarheit, Planbarkeit und Wirkung \u2013 und reduziert Reibung, Aufwand und Unsicherheit.<\/p>\n\t\t\t\t\t\t\t\t<\/div>\n\t\t\t\t<div class=\"elementor-element elementor-element-31fd687 elementor-mobile-align-center elementor-widget elementor-widget-button\" data-id=\"31fd687\" data-element_type=\"widget\" data-e-type=\"widget\" data-widget_type=\"button.default\">\n\t\t\t\t\t\t\t\t\t\t<a class=\"elementor-button elementor-button-link elementor-size-sm\" href=\"mailto:hello@fullcyrcle-security.com\">\n\t\t\t\t\t\t<span class=\"elementor-button-content-wrapper\">\n\t\t\t\t\t\t\t\t\t<span class=\"elementor-button-text\">Kontaktieren Sie uns f\u00fcr ein erstes Gespr\u00e4ch<\/span>\n\t\t\t\t\t<\/span>\n\t\t\t\t\t<\/a>\n\t\t\t\t\t\t\t\t<\/div>\n\t\t\t\t\t<\/div>\n\t\t\t\t<\/div>\n\t\t\t\t<\/div>\n\t\t","protected":false},"excerpt":{"rendered":"<p>Aufbau eines Secure SoftwareDevelopment Lifecycle (SSDLC) Sichere Software entwickeln hei\u00dft: Sicherheit mitdenken \u2013 nicht nachziehen. Viele Sicherheitsprobleme entstehen nicht durch fehlendes Wissen, sondern durch fehlende Strukturen. Wer Security nur am Ende pr\u00fcft, bekommt sp\u00e4te R\u00fcckmeldungen, aufwendige Fixes \u2013 und Frust bei allen Beteiligten. Ein sicherer Software Development Lifecycle (SSDLC) schafft die Grundlage, damit Sicherheit von [&hellip;]<\/p>\n","protected":false},"author":1,"featured_media":0,"parent":0,"menu_order":0,"comment_status":"closed","ping_status":"closed","template":"","meta":{"footnotes":""},"class_list":["post-522","page","type-page","status-publish","hentry"],"_links":{"self":[{"href":"https:\/\/fullcyrcle-security.com\/de\/wp-json\/wp\/v2\/pages\/522","targetHints":{"allow":["GET"]}}],"collection":[{"href":"https:\/\/fullcyrcle-security.com\/de\/wp-json\/wp\/v2\/pages"}],"about":[{"href":"https:\/\/fullcyrcle-security.com\/de\/wp-json\/wp\/v2\/types\/page"}],"author":[{"embeddable":true,"href":"https:\/\/fullcyrcle-security.com\/de\/wp-json\/wp\/v2\/users\/1"}],"replies":[{"embeddable":true,"href":"https:\/\/fullcyrcle-security.com\/de\/wp-json\/wp\/v2\/comments?post=522"}],"version-history":[{"count":1,"href":"https:\/\/fullcyrcle-security.com\/de\/wp-json\/wp\/v2\/pages\/522\/revisions"}],"predecessor-version":[{"id":523,"href":"https:\/\/fullcyrcle-security.com\/de\/wp-json\/wp\/v2\/pages\/522\/revisions\/523"}],"wp:attachment":[{"href":"https:\/\/fullcyrcle-security.com\/de\/wp-json\/wp\/v2\/media?parent=522"}],"curies":[{"name":"wp","href":"https:\/\/api.w.org\/{rel}","templated":true}]}}